{"id":693,"date":"2025-09-08T07:20:18","date_gmt":"2025-09-08T07:20:18","guid":{"rendered":"http:\/\/wdkkielce.pl\/?page_id=693"},"modified":"2025-11-05T15:31:25","modified_gmt":"2025-11-05T14:31:25","slug":"logotypy-wdk-do-pobrania","status":"publish","type":"page","link":"https:\/\/wdkkielce.pl\/index.php\/logotypy-wdk-do-pobrania\/","title":{"rendered":"Logotypy WDK do pobrania"},"content":{"rendered":"\t\t<div data-elementor-type=\"wp-page\" data-elementor-id=\"693\" class=\"elementor elementor-693\">\n\t\t\t\t<div class=\"elementor-element elementor-element-e060921 e-con-full e-flex e-con e-parent\" data-id=\"e060921\" data-element_type=\"container\" data-e-type=\"container\">\n\t\t<div class=\"elementor-element elementor-element-d639b0e e-con-full e-flex e-con e-child\" data-id=\"d639b0e\" data-element_type=\"container\" data-e-type=\"container\" data-settings=\"{&quot;background_background&quot;:&quot;classic&quot;}\">\n\t\t\t\t<div class=\"elementor-element elementor-element-7456d3b elementor-widget elementor-widget-heading\" data-id=\"7456d3b\" data-element_type=\"widget\" data-e-type=\"widget\" data-widget_type=\"heading.default\">\n\t\t\t\t\t<h3 class=\"elementor-heading-title elementor-size-default\">Logotypy WDK do pobrania<\/h3>\t\t\t\t<\/div>\n\t\t\t\t<\/div>\n\t\t\t\t<\/div>\n\t\t<div class=\"elementor-element elementor-element-f6d6417 e-flex e-con-boxed e-con e-parent\" data-id=\"f6d6417\" data-element_type=\"container\" data-e-type=\"container\">\n\t\t\t\t\t<div class=\"e-con-inner\">\n\t\t\t\t<div class=\"elementor-element elementor-element-841a912 elementor-widget elementor-widget-shortcode\" data-id=\"841a912\" data-element_type=\"widget\" data-e-type=\"widget\" data-widget_type=\"shortcode.default\">\n\t\t\t\t\t\t\t<div class=\"elementor-shortcode\">\n<\/div>\n\t\t\t\t\t\t<\/div>\n\t\t\t\t<div class=\"elementor-element elementor-element-337e0a8 elementor-widget elementor-widget-html\" data-id=\"337e0a8\" data-element_type=\"widget\" data-e-type=\"widget\" data-widget_type=\"html.default\">\n\t\t\t\t\t<script>\n    document.addEventListener('DOMContentLoaded', () => {\n  document.querySelectorAll('.elementor-icon-box-wrapper').forEach(wrapper => {\n    const link = wrapper.querySelector('a');\n    if (link) {\n      \/\/ zmiana kursora\n      wrapper.style.cursor = 'pointer';\n\n      \/\/ klikni\u0119cie na wrapper = klikni\u0119cie w link\n      wrapper.addEventListener('click', () => {\n        window.location.href = link.href;\n      });\n\n      \/\/ opcjonalnie: ignoruj klikni\u0119cia wewn\u0105trz <a>, \u017ceby nie by\u0142o podw\u00f3jnej nawigacji\n      link.addEventListener('click', e => e.stopPropagation());\n    }\n  });\n});\n\n<\/script>\t\t\t\t<\/div>\n\t\t<div class=\"elementor-element elementor-element-1bdfb16 e-con-full e-flex e-con e-child\" data-id=\"1bdfb16\" data-element_type=\"container\" data-e-type=\"container\">\n\t\t<div class=\"elementor-element elementor-element-400b8f8 e-con-full e-flex e-con e-child\" data-id=\"400b8f8\" data-element_type=\"container\" data-e-type=\"container\">\n\t\t\t\t<div class=\"elementor-element elementor-element-0f85ce6 elementor-widget elementor-widget-image\" data-id=\"0f85ce6\" data-element_type=\"widget\" data-e-type=\"widget\" data-widget_type=\"image.default\">\n\t\t\t\t\t\t\t\t\t\t\t\t\t\t\t<img fetchpriority=\"high\" decoding=\"async\" width=\"300\" height=\"300\" src=\"https:\/\/wdkkielce.pl\/wp-content\/uploads\/2025\/09\/wdk_logotyp_brown_podpis_ii-300x300.png\" class=\"attachment-medium size-medium wp-image-1197\" alt=\"\" srcset=\"https:\/\/wdkkielce.pl\/wp-content\/uploads\/2025\/09\/wdk_logotyp_brown_podpis_ii-300x300.png 300w, https:\/\/wdkkielce.pl\/wp-content\/uploads\/2025\/09\/wdk_logotyp_brown_podpis_ii-150x150.png 150w, https:\/\/wdkkielce.pl\/wp-content\/uploads\/2025\/09\/wdk_logotyp_brown_podpis_ii-768x768.png 768w, https:\/\/wdkkielce.pl\/wp-content\/uploads\/2025\/09\/wdk_logotyp_brown_podpis_ii.png 960w\" sizes=\"(max-width: 300px) 100vw, 300px\" \/>\t\t\t\t\t\t\t\t\t\t\t\t\t\t\t<\/div>\n\t\t\t\t<div class=\"elementor-element elementor-element-0d2134a elementor-widget elementor-widget-text-editor\" data-id=\"0d2134a\" data-element_type=\"widget\" data-e-type=\"widget\" data-widget_type=\"text-editor.default\">\n\t\t\t\t\t\t\t\t\t<p><strong>Ksi\u0119ga znaku WDK<\/strong><\/p><p><a href=\"http:\/\/wdkkielce.pl\/wp-content\/uploads\/2025\/09\/ksiega_znaku_wdk.pdf\">ksiega_znaku_wdk<\/a><\/p><p><strong>Logotypy do pobrania<\/strong><\/p><p><strong>Bia\u0142e<\/strong><\/p><p><a href=\"\/wp-content\/uploads\/2025\/09\/wdk_logotyp_biale_pelna_nazwa_i.png\">Logotyp bia\u0142y pe\u0142na nazwa 1<\/a><\/p><p><a href=\"\/wp-content\/uploads\/2025\/09\/wdk_logotyp_biale_pelna_nazwa_ii.png\">Logotyp bia\u0142y pe\u0142na nazwa 2<\/a><\/p><p><a href=\"\/wp-content\/uploads\/2025\/09\/wdk_logotyp_biale_saute_i.png\">Logotyp bia\u0142y saute 1<\/a><\/p><p><a href=\"\/wp-content\/uploads\/2025\/09\/wdk_logotyp_biale_saute_ii.png\">Logotyp bia\u0142y saute 2<\/a><\/p><p><a href=\"\/wp-content\/uploads\/2025\/09\/wdk_logotyp_biale_podpis_i.png\">Logotyp bia\u0142y podpis 1<\/a><\/p><p><a href=\"\/wp-content\/uploads\/2025\/09\/wdk_logotyp_biale_podpis_ii.png\">Logotyp bia\u0142y podpis 2<\/a><\/p><p><strong>Br\u0105zowe<\/strong><\/p><p><a href=\"\/wp-content\/uploads\/2025\/09\/wdk_logotyp_brown_pelna_nazwa_i.png\">Logotyp brown pe\u0142na nazwa 1<\/a><\/p><p><a href=\"\/wp-content\/uploads\/2025\/09\/wdk_logotyp_brown_pelna_nazwa_ii.png\">Logotyp brown pe\u0142na nazwa 2<\/a><\/p><p><a href=\"\/wp-content\/uploads\/2025\/09\/wdk_logotyp_brown_saute_ii.png\">Logotyp brown saute 2<\/a><\/p><p><a href=\"\/wp-content\/uploads\/2025\/09\/wdk_logotyp_brown_podpis_i.png\">Logotyp brown podpis 1<\/a><\/p><p><a href=\"\/wp-content\/uploads\/2025\/09\/wdk_logotyp_brown_podpis_ii.png\">Logotyp brown podpis 2<\/a><\/p><p><strong>Z\u0142ote<\/strong><\/p><p><a href=\"\/wp-content\/uploads\/2025\/09\/wdk_logotyp_gold_pelna_nazwa_i.png\">Logotyp golden pe\u0142na nazwa 1<\/a><\/p><p><a href=\"\/wp-content\/uploads\/2025\/09\/wdk_logotyp_gold_pelna_nazwa_ii.png\">Logotyp golden pe\u0142na nazwa 2<\/a><\/p><p><a href=\"\/wp-content\/uploads\/2025\/09\/wdk_logotyp_gold_saute_i.png\">Logotyp golden saute 1<\/a><\/p><p><a href=\"\/wp-content\/uploads\/2025\/09\/wdk_logotyp_gold_saute_ii.png\">Logotyp golden saute 2<\/a><\/p><p><a href=\"\/wp-content\/uploads\/2025\/09\/wdk_logotyp_gold_podpis_i.png\">Logotyp golden podpis 1<\/a><\/p><p><a href=\"\/wp-content\/uploads\/2025\/09\/wdk_logotyp_gold_podpis_ii.png\">Logotyp golden podpis 2<\/a><\/p><p><a href=\"\/wp-content\/uploads\/2025\/09\/wdk_logotyp_stamp_gold_wariant_i.png\">Logotyp STAMP gold wariant 1<\/a><\/p><p><a href=\"\/wp-content\/uploads\/2025\/09\/wdk_logotyp_stamp_gold_wariant_ii.png\">Logotyp STAMP gold wariant 2<\/a><\/p><p><a href=\"\/wp-content\/uploads\/2025\/09\/wdk_logotyp_stamp_biale_wariant_i.png\">Logotypy o kszta\u0142cie piecz\u0119ci<\/a><\/p><p><a href=\"\/wp-content\/uploads\/2025\/09\/wdk_logotyp_stamp_biale_wariant_i.png\">Logotyp STAMP bia\u0142y wariant 1<\/a><\/p><p><a href=\"\/wp-content\/uploads\/2025\/09\/wdk_logotyp_stamp_biale_wariant_ii.png\">Logotyp STAMP bia\u0142y wariant 2<\/a><\/p><p><a href=\"\/wp-content\/uploads\/2025\/09\/wdk_logotyp_stamp_brown_wariant_i.png\">Logotyp STAMP brown wariant 1<\/a><\/p><p><a href=\"\/wp-content\/uploads\/2025\/09\/wdk_logotyp_stamp_brown_wariant_ii.png\">Logotyp STAMP brown wariant 2<\/a><\/p><p><a href=\"\/wp-content\/uploads\/2025\/09\/znak_wodny_i.png\">Znak wodny I<\/a><\/p><p><a href=\"\/wp-content\/uploads\/2025\/09\/znak_wodny_ii.png\">Znak wodny II<\/a><\/p><p><a href=\"\/wp-content\/uploads\/2025\/09\/logotypy_wdk_uniwersalne_png.zip\">Logotypy skompresowane w formacie zip do pobrania<\/a><\/p>\t\t\t\t\t\t\t\t<\/div>\n\t\t\t\t<\/div>\n\t\t\t\t<\/div>\n\t\t\t\t<div class=\"elementor-element elementor-element-a593bb6 elementor-widget elementor-widget-spacer\" data-id=\"a593bb6\" data-element_type=\"widget\" data-e-type=\"widget\" data-widget_type=\"spacer.default\">\n\t\t\t\t\t\t\t<div class=\"elementor-spacer\">\n\t\t\t<div class=\"elementor-spacer-inner\"><\/div>\n\t\t<\/div>\n\t\t\t\t\t\t<\/div>\n\t\t\t\t<div class=\"elementor-element elementor-element-d8ee5e8 elementor-widget elementor-widget-spacer\" data-id=\"d8ee5e8\" data-element_type=\"widget\" data-e-type=\"widget\" data-widget_type=\"spacer.default\">\n\t\t\t\t\t\t\t<div class=\"elementor-spacer\">\n\t\t\t<div class=\"elementor-spacer-inner\"><\/div>\n\t\t<\/div>\n\t\t\t\t\t\t<\/div>\n\t\t\t\t\t<\/div>\n\t\t\t\t<\/div>\n\t\t\t\t<\/div>\n\t\t","protected":false},"excerpt":{"rendered":"<p>Logotypy WDK do pobrania Ksi\u0119ga znaku WDK ksiega_znaku_wdk Logotypy do pobrania Bia\u0142e Logotyp bia\u0142y pe\u0142na nazwa 1 Logotyp bia\u0142y pe\u0142na nazwa 2 Logotyp bia\u0142y saute 1 Logotyp bia\u0142y saute 2 Logotyp bia\u0142y podpis 1 Logotyp bia\u0142y podpis 2 Br\u0105zowe Logotyp brown pe\u0142na nazwa 1 Logotyp brown pe\u0142na nazwa 2 Logotyp brown saute 2 Logotyp brown&hellip;&nbsp;<\/p>\n","protected":false},"author":1,"featured_media":0,"parent":0,"menu_order":0,"comment_status":"closed","ping_status":"closed","template":"page-templates\/template-pagebuilder-full-width.php","meta":{"inline_featured_image":false,"neve_meta_sidebar":"","neve_meta_container":"","neve_meta_enable_content_width":"","neve_meta_content_width":0,"neve_meta_title_alignment":"","neve_meta_author_avatar":"","neve_post_elements_order":"","neve_meta_disable_header":"","neve_meta_disable_footer":"","neve_meta_disable_title":"","neve_meta_reading_time":"","footnotes":""},"class_list":["post-693","page","type-page","status-publish","hentry"],"rttpg_featured_image_url":null,"rttpg_author":{"display_name":"admin","author_link":"https:\/\/wdkkielce.pl\/index.php\/author\/admin\/"},"rttpg_comment":0,"rttpg_category":null,"rttpg_excerpt":"Logotypy WDK do pobrania Ksi\u0119ga znaku WDK ksiega_znaku_wdk Logotypy do pobrania Bia\u0142e Logotyp bia\u0142y pe\u0142na nazwa 1 Logotyp bia\u0142y pe\u0142na nazwa 2 Logotyp bia\u0142y saute 1 Logotyp bia\u0142y saute 2 Logotyp bia\u0142y podpis 1 Logotyp bia\u0142y podpis 2 Br\u0105zowe Logotyp brown pe\u0142na nazwa 1 Logotyp brown pe\u0142na nazwa 2 Logotyp brown saute 2 Logotyp brown&hellip;&nbsp;","_links":{"self":[{"href":"https:\/\/wdkkielce.pl\/index.php\/wp-json\/wp\/v2\/pages\/693","targetHints":{"allow":["GET"]}}],"collection":[{"href":"https:\/\/wdkkielce.pl\/index.php\/wp-json\/wp\/v2\/pages"}],"about":[{"href":"https:\/\/wdkkielce.pl\/index.php\/wp-json\/wp\/v2\/types\/page"}],"author":[{"embeddable":true,"href":"https:\/\/wdkkielce.pl\/index.php\/wp-json\/wp\/v2\/users\/1"}],"replies":[{"embeddable":true,"href":"https:\/\/wdkkielce.pl\/index.php\/wp-json\/wp\/v2\/comments?post=693"}],"version-history":[{"count":31,"href":"https:\/\/wdkkielce.pl\/index.php\/wp-json\/wp\/v2\/pages\/693\/revisions"}],"predecessor-version":[{"id":8250,"href":"https:\/\/wdkkielce.pl\/index.php\/wp-json\/wp\/v2\/pages\/693\/revisions\/8250"}],"wp:attachment":[{"href":"https:\/\/wdkkielce.pl\/index.php\/wp-json\/wp\/v2\/media?parent=693"}],"curies":[{"name":"wp","href":"https:\/\/api.w.org\/{rel}","templated":true}]}}